{"id":149,"date":"2012-12-18T13:05:59","date_gmt":"2012-12-18T13:05:59","guid":{"rendered":"http:\/\/elegantia.inspirythemes.com\/?page_id=149"},"modified":"2020-10-07T09:01:19","modified_gmt":"2020-10-07T06:01:19","slug":"fullwidth","status":"publish","type":"page","link":"https:\/\/www.ingalill.fi\/?page_id=149","title":{"rendered":"Purjehdukset"},"content":{"rendered":"<p><img decoding=\"async\" loading=\"lazy\" class=\"aligncenter size-full wp-image-314\" src=\"http:\/\/www.ingalill.fi\/wp-content\/uploads\/risteilyt11.jpg\" alt=\"risteilyt1\" width=\"1000\" height=\"328\" srcset=\"https:\/\/www.ingalill.fi\/wp-content\/uploads\/risteilyt11.jpg 1000w, https:\/\/www.ingalill.fi\/wp-content\/uploads\/risteilyt11-300x98.jpg 300w, https:\/\/www.ingalill.fi\/wp-content\/uploads\/risteilyt11-548x179.jpg 548w, https:\/\/www.ingalill.fi\/wp-content\/uploads\/risteilyt11-310x101.jpg 310w, https:\/\/www.ingalill.fi\/wp-content\/uploads\/risteilyt11-170x55.jpg 170w, https:\/\/www.ingalill.fi\/wp-content\/uploads\/risteilyt11-808x265.jpg 808w\" sizes=\"(max-width: 1000px) 100vw, 1000px\" \/><\/p>\n<h2 class=\"title-heading\">Tietoa risteilyist\u00e4<\/h2>\n<p>Risteilymme r\u00e4\u00e4t\u00e4l\u00f6id\u00e4\u00e4n yksil\u00f6llisesti ryhm\u00e4\u00e4nne varten! N\u00e4in takaamme, ett\u00e4 risteilyst\u00e4 tulee onnistunut ja ikimuistoinen. Ohessa muutamia esimerkkej\u00e4 kes\u00e4lle 2021.<\/p>\n<hr class=\"separator\">\n<div class=\"columns\"><div class=\"one-half\"><\/p>\n<h4 style=\"text-align: center;\">Kokous- tai neuvottelupurjehdus<\/h4>\n<p><img decoding=\"async\" loading=\"lazy\" class=\"aligncenter size-full wp-image-358\" src=\"http:\/\/www.ingalill.fi\/wp-content\/uploads\/kokousmatkat.jpg\" alt=\"kokousmatkat\" width=\"225\" height=\"116\" srcset=\"https:\/\/www.ingalill.fi\/wp-content\/uploads\/kokousmatkat.jpg 225w, https:\/\/www.ingalill.fi\/wp-content\/uploads\/kokousmatkat-170x87.jpg 170w\" sizes=\"(max-width: 225px) 100vw, 225px\" \/>Tarjoamme merellisen ja kiehtovan vaihtoehdon tutulle neuvotteluhuoneelle. Pit\u00e4k\u00e4\u00e4 onnistunut kokous, palaveri tai liiketapaaminen Inga-Lillin upeassa salongissa, maistuvan ruoan ja viileitten juomien kera. Kokouksen j\u00e4lkeen suuntaamme merelle rentoutumaan ja nauttimaan meriveden p\u00e4rskeist\u00e4 sek\u00e4 upeasta luonnosta. Aluksella modernit AV-laitteet. Vieraiden maksimim\u00e4\u00e4r\u00e4 60 henke\u00e4.<\/p>\n<p><\/div><div class=\"one-half\"><\/p>\n<h4 style=\"text-align: center;\">Toimintapurjehdus merell\u00e4<\/h4>\n<p><img decoding=\"async\" loading=\"lazy\" class=\"aligncenter size-full wp-image-360\" src=\"http:\/\/www.ingalill.fi\/wp-content\/uploads\/toiminta.jpg\" alt=\"toiminta\" width=\"225\" height=\"116\" srcset=\"https:\/\/www.ingalill.fi\/wp-content\/uploads\/toiminta.jpg 225w, https:\/\/www.ingalill.fi\/wp-content\/uploads\/toiminta-170x87.jpg 170w\" sizes=\"(max-width: 225px) 100vw, 225px\" \/>Kaipaatteko mieluummin toimintaa? Opetamme tiimillesi miten purjeet saadaan oikeaoppisesti yl\u00f6s, tai miten laiva ajetaan turvallisesti irti laiturista. P\u00e4\u00e4sette itse kokeilemaan navigointia, purjeen trimmausta tai laivan ohjausta. Mukana ovat aina purjehduksen ammattilaiset opettamassa sek\u00e4 neuvomassa. Purjehdus jos mik\u00e4 on tiimity\u00f6t\u00e4 parhaimmillaan, se hioo jokkueesi yhteen. Vieraiden maksimim\u00e4\u00e4r\u00e4 50 henke\u00e4 ja kesto max. 6h.<\/p>\n<p><\/div><\/div>\n<div class=\"columns\"><\/p>\n<p><div class=\"columns\"><\/div><div class=\"one-half\"><\/p>\n<h4 style=\"text-align: center;\">Brunssiristeilyt<\/h4>\n<p><img decoding=\"async\" loading=\"lazy\" class=\"aligncenter size-full wp-image-357\" src=\"http:\/\/www.ingalill.fi\/wp-content\/uploads\/brunssi.jpg\" alt=\"brunssi\" width=\"225\" height=\"116\" srcset=\"https:\/\/www.ingalill.fi\/wp-content\/uploads\/brunssi.jpg 225w, https:\/\/www.ingalill.fi\/wp-content\/uploads\/brunssi-170x87.jpg 170w\" sizes=\"(max-width: 225px) 100vw, 225px\" \/>Kutsu ty\u00f6- tai yst\u00e4v\u00e4porukka viett\u00e4m\u00e4\u00e4n kes\u00e4ist\u00e4 purjehdusp\u00e4iv\u00e4\u00e4 risteilyn merkeiss\u00e4. Suuntaamme aavalle ulapalle nauttimaan leppoisista tuulista ja maailman kauneimmasta saaristosta. Irtautuminen arjen rutiineista on erinomainen tapa luoda uutta puhtia ty\u00f6ntekoon. Vieraiden maksimim\u00e4\u00e4r\u00e4 60 henke\u00e4 ja kesto max. 6h.<\/p>\n<p><\/div><div class=\"one-half\"><\/p>\n<h4 style=\"text-align: center;\">Kuutamo- ja rapuristeily<\/h4>\n<p><img decoding=\"async\" loading=\"lazy\" class=\"aligncenter size-full wp-image-359\" src=\"http:\/\/www.ingalill.fi\/wp-content\/uploads\/rapu.jpg\" alt=\"rapu\" width=\"225\" height=\"116\" srcset=\"https:\/\/www.ingalill.fi\/wp-content\/uploads\/rapu.jpg 225w, https:\/\/www.ingalill.fi\/wp-content\/uploads\/rapu-170x87.jpg 170w\" sizes=\"(max-width: 225px) 100vw, 225px\" \/>N\u00e4m\u00e4 tulevat olemaan syksyn suosituimpia purjehduksia. P\u00f6yd\u00e4t ovat koreina saksiniekoista, tunnelmallinen musiikki soi ja lyhdyt koristavat laivan kantta. Varaa risteilysi jo hyviss\u00e4 ajoin, sill\u00e4 n\u00e4m\u00e4 myyd\u00e4\u00e4n nopeasti loppuun. L\u00e4ht\u00f6 Naantalista tai Aurajoesta. Vieraiden maksimim\u00e4\u00e4r\u00e4 50 henke\u00e4 ja kesto noin 6h.<\/p>\n<p><\/div><\/div>\n<div class=\"columns\"><\/p>\n<p><div class=\"columns\"><\/div><div class=\"one-half\"><\/p>\n<h4 style=\"text-align: center;\">Luokkaretket<\/h4>\n<p><img decoding=\"async\" loading=\"lazy\" class=\"aligncenter size-full wp-image-402\" src=\"http:\/\/www.ingalill.fi\/wp-content\/uploads\/luokkaretki.jpg\" alt=\"luokkaretki\" width=\"225\" height=\"116\" srcset=\"https:\/\/www.ingalill.fi\/wp-content\/uploads\/luokkaretki.jpg 225w, https:\/\/www.ingalill.fi\/wp-content\/uploads\/luokkaretki-170x87.jpg 170w\" sizes=\"(max-width: 225px) 100vw, 225px\" \/><\/p>\n<p>Luokkaretkipurjehduksia teemme toukokuun puoli-v\u00e4list\u00e4 (vko 20) lokakuun lopulle. Purjehdukselle l\u00e4hdet\u00e4\u00e4n aamulla klo 9.00 Naantalin sataman purjelaivalaiturista. Nostamme purjeet ja oppilaat saavat v\u00e4litt\u00f6m\u00e4sti osallistua toimintaan laivalla. Mahdollisuuksien mukaan vierailemme purjehduksen lomassa jossain l\u00e4hisaaressa. Paluu takaisin kotisatamaan klo 15.00 menness\u00e4. Laivaan mahtuu hyvin ainakin kaksi rinnakkaisluokkaa kerrallaan.<\/p>\n<p><\/div><div class=\"one-half\"><\/p>\n<h4 style=\"text-align: center;\">Leirikoulut<\/h4>\n<p><img decoding=\"async\" loading=\"lazy\" class=\"aligncenter size-full wp-image-401\" src=\"http:\/\/www.ingalill.fi\/wp-content\/uploads\/lkoulu.jpg\" alt=\"lkoulu\" width=\"225\" height=\"116\" srcset=\"https:\/\/www.ingalill.fi\/wp-content\/uploads\/lkoulu.jpg 225w, https:\/\/www.ingalill.fi\/wp-content\/uploads\/lkoulu-170x87.jpg 170w\" sizes=\"(max-width: 225px) 100vw, 225px\" \/><\/p>\n<p>Leirikoulussa opitaan yhdess\u00e4 el\u00e4mist\u00e4 ja tekemist\u00e4. Laivassa t\u00e4m\u00e4 toteutuu mit\u00e4 parhaiten. Leirikoulupurjehduksilla oppilaat osallistuvat kaikkeen toimintaan miehist\u00f6n opastuksella. Lipun nosto, ruoan valmistus, purjeiden k\u00e4sittely sek\u00e4 laivan ohjailu ovat osa lasten purjelaivatoimintaa. Leirikoulu laivalla opettaa ainutlaatuisella tavalla toisen ihmisen huomioimista olosuhteissa joissa yhteisty\u00f6n merkitys korostuu. Leirikoulujen ohjelma ja reitit suunnitellaan yhdess\u00e4 luokan ja opettajan kanssa. Y\u00f6t viet\u00e4mme saaristokyliss\u00e4 tai luonnonsatamissa. Leirikouluksi suosittelemme v\u00e4hint\u00e4\u00e4n 3 vuorokauden mittaista purjehdusta.<\/p>\n<p><\/div><\/div>\n<div class=\"columns\"><br \/>\n<hr class=\"separator\"><\/p>\n<p><div class=\"columns\"><\/div><div class=\"one-half\"><\/p>\n<h4 style=\"text-align: center;\">Tarjoilut<\/h4>\n<p><img decoding=\"async\" loading=\"lazy\" class=\"aligncenter size-full wp-image-312\" src=\"http:\/\/www.ingalill.fi\/wp-content\/uploads\/tarjoilut2.jpg\" alt=\"tarjoilut\" width=\"225\" height=\"116\" srcset=\"https:\/\/www.ingalill.fi\/wp-content\/uploads\/tarjoilut2.jpg 225w, https:\/\/www.ingalill.fi\/wp-content\/uploads\/tarjoilut2-170x87.jpg 170w\" sizes=\"(max-width: 225px) 100vw, 225px\" \/><br \/>\nMilt\u00e4 kuulostaisi kermainen kapteenin lohikeitto ja tuore saaristolaisleip\u00e4 kirnuvoin kera? Henkil\u00f6kuntamme j\u00e4senet ovat kaikki herkkusuita, joten voimme taata vieraidesi nauttivan risteilyn merellisist\u00e4 herkuista. Sovimme aina etuk\u00e4teen risteilyn runsaista tarjoiluista. Otamme huomioon my\u00f6s erikoisruokavaliot!<\/p>\n<p><\/div><div class=\"one-half\"><\/p>\n<h4 style=\"text-align: center;\">Ohjelmaa<\/h4>\n<p><img decoding=\"async\" loading=\"lazy\" class=\"aligncenter size-full wp-image-310\" src=\"http:\/\/www.ingalill.fi\/wp-content\/uploads\/ohjelma.jpg\" alt=\"ohjelma\" width=\"225\" height=\"116\" srcset=\"https:\/\/www.ingalill.fi\/wp-content\/uploads\/ohjelma.jpg 225w, https:\/\/www.ingalill.fi\/wp-content\/uploads\/ohjelma-170x87.jpg 170w\" sizes=\"(max-width: 225px) 100vw, 225px\" \/><br \/>\nEl\u00e4v\u00e4 musiikki kruunaa purjelaivaristeilyn! J\u00e4rjest\u00e4mme hyvin monipuolista ohjelmaa risteilylle ja takaamme vieraittesi viihtyv\u00e4n paremmin kuin hyvin. Ohjelmasta sovitaan aina ennen risteily\u00e4, ja otamme pienimm\u00e4tkin toiveenne huomioon.<\/p>\n<p><\/div><\/div>\n<div class=\"columns\"><\/div>\n","protected":false},"excerpt":{"rendered":"<p>Risteilymme r\u00e4\u00e4t\u00e4l\u00f6id\u00e4\u00e4n yksil\u00f6llisesti ryhm\u00e4\u00e4nne varten! N\u00e4in takaamme, ett\u00e4 risteilyst\u00e4 tulee onnistunut ja ikimuistoinen. Ohessa muutamia esimerkkej\u00e4 kes\u00e4lle 2021.<\/p>\n","protected":false},"author":1,"featured_media":0,"parent":0,"menu_order":0,"comment_status":"closed","ping_status":"closed","template":"template-full-width.php","meta":{"footnotes":""},"_links":{"self":[{"href":"https:\/\/www.ingalill.fi\/index.php?rest_route=\/wp\/v2\/pages\/149"}],"collection":[{"href":"https:\/\/www.ingalill.fi\/index.php?rest_route=\/wp\/v2\/pages"}],"about":[{"href":"https:\/\/www.ingalill.fi\/index.php?rest_route=\/wp\/v2\/types\/page"}],"author":[{"embeddable":true,"href":"https:\/\/www.ingalill.fi\/index.php?rest_route=\/wp\/v2\/users\/1"}],"replies":[{"embeddable":true,"href":"https:\/\/www.ingalill.fi\/index.php?rest_route=%2Fwp%2Fv2%2Fcomments&post=149"}],"version-history":[{"count":48,"href":"https:\/\/www.ingalill.fi\/index.php?rest_route=\/wp\/v2\/pages\/149\/revisions"}],"predecessor-version":[{"id":573,"href":"https:\/\/www.ingalill.fi\/index.php?rest_route=\/wp\/v2\/pages\/149\/revisions\/573"}],"wp:attachment":[{"href":"https:\/\/www.ingalill.fi\/index.php?rest_route=%2Fwp%2Fv2%2Fmedia&parent=149"}],"curies":[{"name":"wp","href":"https:\/\/api.w.org\/{rel}","templated":true}]}}