{"id":128,"date":"2012-12-18T12:42:52","date_gmt":"2012-12-18T12:42:52","guid":{"rendered":"http:\/\/elegantia.inspirythemes.com\/?page_id=128"},"modified":"2025-08-16T20:12:57","modified_gmt":"2025-08-16T17:12:57","slug":"our-team","status":"publish","type":"page","link":"https:\/\/www.ingalill.fi\/?page_id=128","title":{"rendered":"Miehist\u00f6"},"content":{"rendered":"<p>Henkil\u00f6kuntamme koostuu rautaisista merenkulun ammattilaisista. Meill\u00e4 on l\u00e4hes koko el\u00e4m\u00e4n mittainen kokemus purjehduksesta, joten olet eritt\u00e4in hyviss\u00e4 k\u00e4siss\u00e4 risteilyn aikana. Kapteenimme opastavat vieraita tutustumaan purjelaivan ominaisuuksiin ja voit jopa p\u00e4\u00e4st\u00e4 ohjaamaan laivaa! Merenkulkutaitojensa lis\u00e4ksi kapteenimme ovat my\u00f6s erinomaisia is\u00e4nti\u00e4, jotka saattavat yll\u00e4tt\u00e4\u00e4 vieraat vaikkapa spontaanilla musiikkiesityksell\u00e4. Haluamme toivottaa teid\u00e4t miehist\u00f6n puolesta l\u00e4mpim\u00e4sti tervetulleiksi Inga-Lillille. Kokka kohti ulappaa!<\/p>\n<p><img decoding=\"async\" loading=\"lazy\" class=\"aligncenter size-thumbnail wp-image-351\" src=\"http:\/\/www.ingalill.fi\/wp-content\/uploads\/lapakapu-150x150.jpg\" alt=\"\" width=\"150\" height=\"150\" srcset=\"https:\/\/www.ingalill.fi\/wp-content\/uploads\/lapakapu-150x150.jpg 150w, https:\/\/www.ingalill.fi\/wp-content\/uploads\/lapakapu-89x89.jpg 89w, https:\/\/www.ingalill.fi\/wp-content\/uploads\/lapakapu-50x50.jpg 50w, https:\/\/www.ingalill.fi\/wp-content\/uploads\/lapakapu-233x233.jpg 233w\" sizes=\"(max-width: 150px) 100vw, 150px\" \/><\/p>\n<p style=\"text-align: center;\">Lauri Rautiainen<br \/>\npurjelaivan kapteeni<\/p>\n<p><img decoding=\"async\" loading=\"lazy\" class=\"aligncenter size-thumbnail wp-image-454\" src=\"http:\/\/www.ingalill.fi\/wp-content\/uploads\/jykaelokuu-150x150.jpg\" alt=\"\" width=\"150\" height=\"150\" srcset=\"https:\/\/www.ingalill.fi\/wp-content\/uploads\/jykaelokuu-150x150.jpg 150w, https:\/\/www.ingalill.fi\/wp-content\/uploads\/jykaelokuu-89x89.jpg 89w, https:\/\/www.ingalill.fi\/wp-content\/uploads\/jykaelokuu-50x50.jpg 50w\" sizes=\"(max-width: 150px) 100vw, 150px\" \/><\/p>\n<p style=\"text-align: center;\">Jyrki Anttila<br \/>\npurjelaivan kapteeni<\/p>\n<p><img decoding=\"async\" loading=\"lazy\" class=\"aligncenter size-thumbnail wp-image-596\" src=\"http:\/\/www.ingalill.fi\/wp-content\/uploads\/image0-150x150.jpeg\" alt=\"\" width=\"150\" height=\"150\" srcset=\"https:\/\/www.ingalill.fi\/wp-content\/uploads\/image0-150x150.jpeg 150w, https:\/\/www.ingalill.fi\/wp-content\/uploads\/image0-300x300.jpeg 300w, https:\/\/www.ingalill.fi\/wp-content\/uploads\/image0-768x769.jpeg 768w, https:\/\/www.ingalill.fi\/wp-content\/uploads\/image0-548x549.jpeg 548w, https:\/\/www.ingalill.fi\/wp-content\/uploads\/image0-89x89.jpeg 89w, https:\/\/www.ingalill.fi\/wp-content\/uploads\/image0-50x50.jpeg 50w, https:\/\/www.ingalill.fi\/wp-content\/uploads\/image0-310x310.jpeg 310w, https:\/\/www.ingalill.fi\/wp-content\/uploads\/image0-170x170.jpeg 170w, https:\/\/www.ingalill.fi\/wp-content\/uploads\/image0-808x809.jpeg 808w, https:\/\/www.ingalill.fi\/wp-content\/uploads\/image0.jpeg 959w\" sizes=\"(max-width: 150px) 100vw, 150px\" \/><\/p>\n<p style=\"text-align: center;\">Jyrki Blomqvist<br \/>\npurjelaivan kapteeni<\/p>\n<p>&nbsp;<\/p>\n","protected":false},"excerpt":{"rendered":"<p>Henkil\u00f6kuntamme koostuu rautaisista merenkulun ammattilaisista. Meill\u00e4 on l\u00e4hes koko el\u00e4m\u00e4n mittainen kokemus purjehduksesta, joten olet eritt\u00e4in hyviss\u00e4 k\u00e4siss\u00e4 risteilyn aikana. Kapteenimme opastavat vieraita tutustumaan purjelaivan ominaisuuksiin ja voit jopa p\u00e4\u00e4st\u00e4 ohjaamaan laivaa! Merenkulkutaitojensa lis\u00e4ksi kapteenimme ovat my\u00f6s erinomaisia is\u00e4nti\u00e4, jotka saattavat yll\u00e4tt\u00e4\u00e4 vieraat vaikkapa spontaanilla musiikkiesityksell\u00e4. Haluamme toivottaa teid\u00e4t miehist\u00f6n puolesta l\u00e4mpim\u00e4sti tervetulleiksi Inga-Lillille. Kokka [&hellip;]<\/p>\n","protected":false},"author":1,"featured_media":0,"parent":0,"menu_order":0,"comment_status":"open","ping_status":"open","template":"template-team.php","meta":{"footnotes":""},"_links":{"self":[{"href":"https:\/\/www.ingalill.fi\/index.php?rest_route=\/wp\/v2\/pages\/128"}],"collection":[{"href":"https:\/\/www.ingalill.fi\/index.php?rest_route=\/wp\/v2\/pages"}],"about":[{"href":"https:\/\/www.ingalill.fi\/index.php?rest_route=\/wp\/v2\/types\/page"}],"author":[{"embeddable":true,"href":"https:\/\/www.ingalill.fi\/index.php?rest_route=\/wp\/v2\/users\/1"}],"replies":[{"embeddable":true,"href":"https:\/\/www.ingalill.fi\/index.php?rest_route=%2Fwp%2Fv2%2Fcomments&post=128"}],"version-history":[{"count":8,"href":"https:\/\/www.ingalill.fi\/index.php?rest_route=\/wp\/v2\/pages\/128\/revisions"}],"predecessor-version":[{"id":608,"href":"https:\/\/www.ingalill.fi\/index.php?rest_route=\/wp\/v2\/pages\/128\/revisions\/608"}],"wp:attachment":[{"href":"https:\/\/www.ingalill.fi\/index.php?rest_route=%2Fwp%2Fv2%2Fmedia&parent=128"}],"curies":[{"name":"wp","href":"https:\/\/api.w.org\/{rel}","templated":true}]}}