{"id":107,"date":"2012-12-18T10:44:33","date_gmt":"2012-12-18T10:44:33","guid":{"rendered":"http:\/\/elegantia.inspirythemes.com\/?page_id=107"},"modified":"2022-01-14T12:03:42","modified_gmt":"2022-01-14T10:03:42","slug":"contact","status":"publish","type":"page","link":"https:\/\/www.ingalill.fi\/?page_id=107","title":{"rendered":"Yhteydet"},"content":{"rendered":"<p>Vastaamme mielell\u00e4mme tiedusteluihin! Voit ottaa meihin yhteytt\u00e4 alla olevan kaavakkeen kautta tai soittamalla numeroon 0400 531 320. Tiedustelut s\u00e4hk\u00f6postitse osoitteesta <a href=\"mailto:lapa.rautiainen@gmail.com\">lapa.rautiainen<\/a><a href=\"lapa.rautiainen@gmail.com\">@<\/a><a href=\"mailto:lapa.rautiainen@gmail.com\">gmail.com<\/a>.<\/p>\n<p>Inga-Lill sijaitsee Naantalin purjelaivalaiturissa. Osoite: Sahantie Naantali<\/p>\n<p>(Ajo-ohje: Satamatie-Kopenkatu-Sahantie )<\/p>\n","protected":false},"excerpt":{"rendered":"<p>Vastaamme mielell\u00e4mme tiedusteluihin! Voit ottaa meihin yhteytt\u00e4 alla olevan kaavakkeen kautta tai soittamalla numeroon 0400 531 320. Tiedustelut s\u00e4hk\u00f6postitse osoitteesta lapa.rautiainen@gmail.com. Inga-Lill sijaitsee Naantalin purjelaivalaiturissa. Osoite: Sahantie Naantali (Ajo-ohje: Satamatie-Kopenkatu-Sahantie )<\/p>\n","protected":false},"author":1,"featured_media":0,"parent":0,"menu_order":0,"comment_status":"closed","ping_status":"closed","template":"template-contact.php","meta":{"footnotes":""},"_links":{"self":[{"href":"https:\/\/www.ingalill.fi\/index.php?rest_route=\/wp\/v2\/pages\/107"}],"collection":[{"href":"https:\/\/www.ingalill.fi\/index.php?rest_route=\/wp\/v2\/pages"}],"about":[{"href":"https:\/\/www.ingalill.fi\/index.php?rest_route=\/wp\/v2\/types\/page"}],"author":[{"embeddable":true,"href":"https:\/\/www.ingalill.fi\/index.php?rest_route=\/wp\/v2\/users\/1"}],"replies":[{"embeddable":true,"href":"https:\/\/www.ingalill.fi\/index.php?rest_route=%2Fwp%2Fv2%2Fcomments&post=107"}],"version-history":[{"count":12,"href":"https:\/\/www.ingalill.fi\/index.php?rest_route=\/wp\/v2\/pages\/107\/revisions"}],"predecessor-version":[{"id":581,"href":"https:\/\/www.ingalill.fi\/index.php?rest_route=\/wp\/v2\/pages\/107\/revisions\/581"}],"wp:attachment":[{"href":"https:\/\/www.ingalill.fi\/index.php?rest_route=%2Fwp%2Fv2%2Fmedia&parent=107"}],"curies":[{"name":"wp","href":"https:\/\/api.w.org\/{rel}","templated":true}]}}